{"id":10,"date":"2024-10-24T19:08:34","date_gmt":"2024-10-24T19:08:34","guid":{"rendered":"http:\/\/www.advice.com.pl\/?page_id=10"},"modified":"2025-10-19T11:09:43","modified_gmt":"2025-10-19T11:09:43","slug":"advice","status":"publish","type":"page","link":"http:\/\/www.advice.com.pl\/","title":{"rendered":"Advice"},"content":{"rendered":"\t\t<div data-elementor-type=\"wp-page\" data-elementor-id=\"10\" class=\"elementor elementor-10\">\n\t\t\t\t<div class=\"elementor-element elementor-element-34a5c26 e-flex e-con-boxed e-con e-parent\" data-id=\"34a5c26\" data-element_type=\"container\">\n\t\t\t\t\t<div class=\"e-con-inner\">\n\t\t<div class=\"elementor-element elementor-element-71f28a3 e-con-full e-flex e-con e-child\" data-id=\"71f28a3\" data-element_type=\"container\">\n\t\t\t\t<\/div>\n\t\t<div class=\"elementor-element elementor-element-2a04fcd e-con-full e-flex e-con e-child\" data-id=\"2a04fcd\" data-element_type=\"container\">\n\t\t\t\t<div class=\"elementor-element elementor-element-c53e4d5 elementor-widget elementor-widget-image\" data-id=\"c53e4d5\" data-element_type=\"widget\" data-widget_type=\"image.default\">\n\t\t\t\t<div class=\"elementor-widget-container\">\n\t\t\t\t\t\t\t\t\t\t\t\t\t\t\t<img fetchpriority=\"high\" decoding=\"async\" width=\"960\" height=\"228\" src=\"https:\/\/www.advice.com.pl\/wp-content\/uploads\/2025\/10\/header2.jpg\" class=\"attachment-large size-large wp-image-48\" alt=\"\" srcset=\"https:\/\/www.advice.com.pl\/wp-content\/uploads\/2025\/10\/header2.jpg 960w, https:\/\/www.advice.com.pl\/wp-content\/uploads\/2025\/10\/header2-300x71.jpg 300w, https:\/\/www.advice.com.pl\/wp-content\/uploads\/2025\/10\/header2-768x182.jpg 768w\" sizes=\"(max-width: 960px) 100vw, 960px\" \/>\t\t\t\t\t\t\t\t\t\t\t\t\t\t\t<\/div>\n\t\t\t\t<\/div>\n\t\t\t\t<\/div>\n\t\t<div class=\"elementor-element elementor-element-2e568ee e-con-full e-flex e-con e-child\" data-id=\"2e568ee\" data-element_type=\"container\">\n\t\t\t\t<\/div>\n\t\t\t\t\t<\/div>\n\t\t\t\t<\/div>\n\t\t<div class=\"elementor-element elementor-element-8af14fa e-flex e-con-boxed e-con e-parent\" data-id=\"8af14fa\" data-element_type=\"container\">\n\t\t\t\t\t<div class=\"e-con-inner\">\n\t\t<div class=\"elementor-element elementor-element-68f00f1 e-con-full e-flex e-con e-child\" data-id=\"68f00f1\" data-element_type=\"container\">\n\t\t\t\t<\/div>\n\t\t<div class=\"elementor-element elementor-element-654fad0 e-con-full e-flex e-con e-child\" data-id=\"654fad0\" data-element_type=\"container\">\n\t\t\t\t<div class=\"elementor-element elementor-element-e6ce4c6 elementor-widget elementor-widget-text-editor\" data-id=\"e6ce4c6\" data-element_type=\"widget\" data-widget_type=\"text-editor.default\">\n\t\t\t\t<div class=\"elementor-widget-container\">\n\t\t\t\t\t\t\t\t\t<p>ZMIENIAMY SI\u0118 DLA WAS!!<\/p>\t\t\t\t\t\t\t\t<\/div>\n\t\t\t\t<\/div>\n\t\t\t\t<div class=\"elementor-element elementor-element-44daae5 elementor-widget elementor-widget-text-editor\" data-id=\"44daae5\" data-element_type=\"widget\" data-widget_type=\"text-editor.default\">\n\t\t\t\t<div class=\"elementor-widget-container\">\n\t\t\t\t\t\t\t\t\t<p>Po latach pracy i wsp\u00f3\u0142pracy z Pa\u0144stwem nasza oferta rozros\u0142a si\u0119 i teraz znajd\u0105 Pa\u0144stwo wszystko w jednym miejscu pod wsp\u00f3ln\u0105 mark\u0105:<\/p>\t\t\t\t\t\t\t\t<\/div>\n\t\t\t\t<\/div>\n\t\t\t\t<div class=\"elementor-element elementor-element-9cf2228 elementor-widget elementor-widget-html\" data-id=\"9cf2228\" data-element_type=\"widget\" data-widget_type=\"html.default\">\n\t\t\t\t<div class=\"elementor-widget-container\">\n\t\t\t\t\t<a href=\"https:\/\/www.kancelaria-finansowa.eu\/\" target=\"_blank\">\n    <img decoding=\"async\" src=\"http:\/\/www.advice.com.pl\/wp-content\/uploads\/2024\/10\/logo2-2-removebg-preview.png\" alt=\"Button Image\" style=\"width: 300px; height: 100px; border: none;\">\n<\/a>\t\t\t\t<\/div>\n\t\t\t\t<\/div>\n\t\t\t\t<div class=\"elementor-element elementor-element-d100a6e elementor-widget elementor-widget-text-editor\" data-id=\"d100a6e\" data-element_type=\"widget\" data-widget_type=\"text-editor.default\">\n\t\t\t\t<div class=\"elementor-widget-container\">\n\t\t\t\t\t\t\t\t\t<p>Rozwijamy si\u0119 a wraz z tym zmieniamy nasz wizerunek.<br>.<\/p>\t\t\t\t\t\t\t\t<\/div>\n\t\t\t\t<\/div>\n\t\t\t\t<\/div>\n\t\t<div class=\"elementor-element elementor-element-9667373 e-con-full e-flex e-con e-child\" data-id=\"9667373\" data-element_type=\"container\">\n\t\t\t\t<\/div>\n\t\t\t\t\t<\/div>\n\t\t\t\t<\/div>\n\t\t\t\t<\/div>\n\t\t","protected":false},"excerpt":{"rendered":"<p>ZMIENIAMY SI\u0118 DLA WAS!! Po latach pracy i wsp\u00f3\u0142pracy z Pa\u0144stwem nasza oferta rozros\u0142a si\u0119 i teraz znajd\u0105 Pa\u0144stwo wszystko w jednym miejscu pod wsp\u00f3ln\u0105 mark\u0105: Rozwijamy si\u0119 a wraz z tym zmieniamy nasz wizerunek..<\/p>\n","protected":false},"author":1,"featured_media":0,"parent":0,"menu_order":0,"comment_status":"closed","ping_status":"closed","template":"elementor_canvas","meta":{"footnotes":""},"class_list":["post-10","page","type-page","status-publish","hentry"],"_links":{"self":[{"href":"http:\/\/www.advice.com.pl\/index.php?rest_route=\/wp\/v2\/pages\/10","targetHints":{"allow":["GET"]}}],"collection":[{"href":"http:\/\/www.advice.com.pl\/index.php?rest_route=\/wp\/v2\/pages"}],"about":[{"href":"http:\/\/www.advice.com.pl\/index.php?rest_route=\/wp\/v2\/types\/page"}],"author":[{"embeddable":true,"href":"http:\/\/www.advice.com.pl\/index.php?rest_route=\/wp\/v2\/users\/1"}],"replies":[{"embeddable":true,"href":"http:\/\/www.advice.com.pl\/index.php?rest_route=%2Fwp%2Fv2%2Fcomments&post=10"}],"version-history":[{"count":26,"href":"http:\/\/www.advice.com.pl\/index.php?rest_route=\/wp\/v2\/pages\/10\/revisions"}],"predecessor-version":[{"id":51,"href":"http:\/\/www.advice.com.pl\/index.php?rest_route=\/wp\/v2\/pages\/10\/revisions\/51"}],"wp:attachment":[{"href":"http:\/\/www.advice.com.pl\/index.php?rest_route=%2Fwp%2Fv2%2Fmedia&parent=10"}],"curies":[{"name":"wp","href":"https:\/\/api.w.org\/{rel}","templated":true}]}}